{"id":33,"date":"2023-11-27T16:34:16","date_gmt":"2023-11-27T15:34:16","guid":{"rendered":"https:\/\/dojo-bouddhiste-zen.com\/?page_id=33"},"modified":"2026-04-01T15:17:24","modified_gmt":"2026-04-01T13:17:24","slug":"actualites","status":"publish","type":"page","link":"https:\/\/dojo-bouddhiste-zen.com\/?page_id=33","title":{"rendered":"Actualit\u00e9s"},"content":{"rendered":"\n<p class=\"has-blue-color has-text-color has-link-color has-medium-font-size wp-elements-0d34c7aa912162b0a37db191ebc30cff\"><strong>S\u00e9ance d&#8217;initiation :<\/strong><\/p>\n\n\n\n<p><strong>Le premier samedi de chaque mois \u00e0 11h30<\/strong><br><strong>Le troisi\u00e8me jeudi de chaque mois \u00e0 18h00<\/strong> (hors juillet-ao\u00fbt)<\/p>\n\n\n\n<p class=\"has-blue-color has-text-color has-link-color has-medium-font-size wp-elements-9d5e3e739a05955cc656cade6f139199\"><strong>Journ\u00e9es de zazen :<\/strong><\/p>\n\n\n\n<p class=\"has-small-font-size\">Un dimanche par mois (en g\u00e9n\u00e9ral le quatri\u00e8me), une journ\u00e9e compl\u00e8te de pratique est propos\u00e9e. Il est possible de ne faire qu&#8217;une s\u00e9ance.<br>Horaires des m\u00e9ditations : 9h00 &#8211; 10h45 &#8211; 14h00 &#8211; 16h00<br><strong>Tarif : <\/strong>15 \u20ac la journ\u00e9e ou 5 \u20ac la s\u00e9ance.<br><strong>PROCHAINE JOURNEE :<\/strong><br>26 avril<\/p>\n\n\n<div class=\"wp-block-image\">\n<figure class=\"aligncenter is-resized\"><img loading=\"lazy\" decoding=\"async\" width=\"648\" height=\"486\" src=\"http:\/\/dojo-bouddhiste-zen.com\/wp-content\/uploads\/2024\/04\/Photo-IntDojo2.jpg\" alt=\"\" class=\"wp-image-149\" style=\"width:412px;height:auto\" srcset=\"https:\/\/dojo-bouddhiste-zen.com\/wp-content\/uploads\/2024\/04\/Photo-IntDojo2.jpg 648w, https:\/\/dojo-bouddhiste-zen.com\/wp-content\/uploads\/2024\/04\/Photo-IntDojo2-300x225.jpg 300w, https:\/\/dojo-bouddhiste-zen.com\/wp-content\/uploads\/2024\/04\/Photo-IntDojo2-624x468.jpg 624w\" sizes=\"(max-width: 648px) 100vw, 648px\" \/><\/figure><\/div>\n\n\n<h1 class=\"wp-block-heading has-white-color has-medium-gray-background-color has-text-color has-background has-link-color has-medium-font-size wp-elements-dfb45640a3aa2f90ad740558b8db7ad5\"><strong>Ev\u00e9nements pass\u00e9s<\/strong><\/h1>\n\n\n\n<p class=\"has-text-align-left has-small-font-size\"><strong>Zen et Yoga, 28 mars 2026<\/strong><br>Atelier crois\u00e9 sur les pratiques du Yoga et du Zen par Philippe Fradin, professeur de Yoga. <\/p>\n\n\n<div class=\"wp-block-image\">\n<figure class=\"aligncenter size-full is-resized\"><img loading=\"lazy\" decoding=\"async\" width=\"724\" height=\"1024\" src=\"https:\/\/dojo-bouddhiste-zen.com\/wp-content\/uploads\/2026\/04\/image.png\" alt=\"\" class=\"wp-image-494\" style=\"width:405px;height:auto\" srcset=\"https:\/\/dojo-bouddhiste-zen.com\/wp-content\/uploads\/2026\/04\/image.png 724w, https:\/\/dojo-bouddhiste-zen.com\/wp-content\/uploads\/2026\/04\/image-212x300.png 212w, https:\/\/dojo-bouddhiste-zen.com\/wp-content\/uploads\/2026\/04\/image-624x883.png 624w\" sizes=\"(max-width: 724px) 100vw, 724px\" \/><\/figure><\/div>\n\n\n<p class=\"has-text-align-left has-small-font-size\"><br><strong>Le Zen un chemin vers la paix, 25 et 26 octobre 2025 :<\/strong><br>Samedi 25 octobre, Ma\u00eetre Ingrid Gyu Ji Igelnick nous fit une conf\u00e9rence sur le th\u00e8me de la paix au dojo. Le lendemain elle dirigea une journ\u00e9e de zazen. Ingrid Igelnick<strong> <\/strong>rencontra le zen et<strong> <\/strong>Ma\u00eetre Deshimaru en 1978 et re\u00e7u l&#8217;ordination de nonne en 1984 par Ma\u00eetre Kosen dont elle re\u00e7oit la transmission en 2015. Elle pratique aux c\u00f4t\u00e9s de son Ma\u00eetre depuis 1992 et l&#8217;assiste dans sa mission, dirige des sesshins, rencontre des pratiquants pour des p\u00e9riodes d&#8217;approfondissement de la pratique du zen et enseigne la couture du kesa, v\u00eatement de la transmission. De 2017 \u00e0 2024 elle est responsable du Temple Yujo Nyusanji, cr\u00e9\u00e9 dans le massif du Caroux.<\/p>\n\n\n<div class=\"wp-block-image\">\n<figure class=\"aligncenter size-full is-resized\"><img loading=\"lazy\" decoding=\"async\" width=\"1000\" height=\"750\" src=\"http:\/\/dojo-bouddhiste-zen.com\/wp-content\/uploads\/2025\/10\/Conference.oct2025.jpg\" alt=\"\" class=\"wp-image-446\" style=\"width:485px;height:auto\" srcset=\"https:\/\/dojo-bouddhiste-zen.com\/wp-content\/uploads\/2025\/10\/Conference.oct2025.jpg 1000w, https:\/\/dojo-bouddhiste-zen.com\/wp-content\/uploads\/2025\/10\/Conference.oct2025-300x225.jpg 300w, https:\/\/dojo-bouddhiste-zen.com\/wp-content\/uploads\/2025\/10\/Conference.oct2025-768x576.jpg 768w, https:\/\/dojo-bouddhiste-zen.com\/wp-content\/uploads\/2025\/10\/Conference.oct2025-624x468.jpg 624w\" sizes=\"(max-width: 1000px) 100vw, 1000px\" \/><\/figure><\/div>\n\n<div class=\"wp-block-image\">\n<figure class=\"aligncenter size-full is-resized\"><img loading=\"lazy\" decoding=\"async\" width=\"1000\" height=\"750\" src=\"http:\/\/dojo-bouddhiste-zen.com\/wp-content\/uploads\/2025\/10\/zazen.oct2025.jpg\" alt=\"\" class=\"wp-image-448\" style=\"width:494px;height:auto\" srcset=\"https:\/\/dojo-bouddhiste-zen.com\/wp-content\/uploads\/2025\/10\/zazen.oct2025.jpg 1000w, https:\/\/dojo-bouddhiste-zen.com\/wp-content\/uploads\/2025\/10\/zazen.oct2025-300x225.jpg 300w, https:\/\/dojo-bouddhiste-zen.com\/wp-content\/uploads\/2025\/10\/zazen.oct2025-768x576.jpg 768w, https:\/\/dojo-bouddhiste-zen.com\/wp-content\/uploads\/2025\/10\/zazen.oct2025-624x468.jpg 624w\" sizes=\"(max-width: 1000px) 100vw, 1000px\" \/><\/figure><\/div>\n\n<div class=\"wp-block-image\">\n<figure class=\"aligncenter size-full is-resized\"><img loading=\"lazy\" decoding=\"async\" width=\"1000\" height=\"750\" src=\"http:\/\/dojo-bouddhiste-zen.com\/wp-content\/uploads\/2025\/10\/photofinale.oct2025.jpg\" alt=\"\" class=\"wp-image-447\" style=\"width:496px;height:auto\" srcset=\"https:\/\/dojo-bouddhiste-zen.com\/wp-content\/uploads\/2025\/10\/photofinale.oct2025.jpg 1000w, https:\/\/dojo-bouddhiste-zen.com\/wp-content\/uploads\/2025\/10\/photofinale.oct2025-300x225.jpg 300w, https:\/\/dojo-bouddhiste-zen.com\/wp-content\/uploads\/2025\/10\/photofinale.oct2025-768x576.jpg 768w, https:\/\/dojo-bouddhiste-zen.com\/wp-content\/uploads\/2025\/10\/photofinale.oct2025-624x468.jpg 624w\" sizes=\"(max-width: 1000px) 100vw, 1000px\" \/><\/figure><\/div>\n\n\n<p class=\"has-small-font-size\"><strong>50 ans de Zen \u00e0 Clermont-Ferrand, 1er et 2 juin 2024 :<\/strong><br>Le zen \u00e0 Clermont-Ferrand a 50 ans! Pour f\u00eater cette date le Dojo Bouddhiste Zen Clermontois a organis\u00e9 un week-end de zen et de calligraphie chinoise les 1er et 2 juin avec la pr\u00e9sence de Ryurin Desmur, ma\u00eetre zen, calligraphe et dirigeant du dojo de Lyon, avec la pr\u00e9sence \u00e9galement de Fran\u00e7oise Jomon Julien, ma\u00eetre zen et dirigeante du dojo de Dijon.<\/p>\n\n\n<div class=\"wp-block-image\">\n<figure class=\"aligncenter is-resized\"><img loading=\"lazy\" decoding=\"async\" width=\"1241\" height=\"1754\" src=\"http:\/\/dojo-bouddhiste-zen.com\/wp-content\/uploads\/2024\/04\/Affiche-1er-et-2-juin_page-0001.jpg\" alt=\"\" class=\"wp-image-170\" style=\"width:497px;height:auto\" srcset=\"https:\/\/dojo-bouddhiste-zen.com\/wp-content\/uploads\/2024\/04\/Affiche-1er-et-2-juin_page-0001.jpg 1241w, https:\/\/dojo-bouddhiste-zen.com\/wp-content\/uploads\/2024\/04\/Affiche-1er-et-2-juin_page-0001-212x300.jpg 212w, https:\/\/dojo-bouddhiste-zen.com\/wp-content\/uploads\/2024\/04\/Affiche-1er-et-2-juin_page-0001-725x1024.jpg 725w, https:\/\/dojo-bouddhiste-zen.com\/wp-content\/uploads\/2024\/04\/Affiche-1er-et-2-juin_page-0001-768x1085.jpg 768w, https:\/\/dojo-bouddhiste-zen.com\/wp-content\/uploads\/2024\/04\/Affiche-1er-et-2-juin_page-0001-1087x1536.jpg 1087w, https:\/\/dojo-bouddhiste-zen.com\/wp-content\/uploads\/2024\/04\/Affiche-1er-et-2-juin_page-0001-624x882.jpg 624w\" sizes=\"(max-width: 1241px) 100vw, 1241px\" \/><\/figure><\/div>\n\n<div class=\"wp-block-image\">\n<figure class=\"aligncenter is-resized\"><img loading=\"lazy\" decoding=\"async\" width=\"1200\" height=\"900\" src=\"https:\/\/dojo-bouddhiste-zen.com\/wp-content\/uploads\/2024\/06\/50ZenClermont3.jpg\" alt=\"\" class=\"wp-image-277\" style=\"width:497px;height:auto\" srcset=\"https:\/\/dojo-bouddhiste-zen.com\/wp-content\/uploads\/2024\/06\/50ZenClermont3.jpg 1200w, https:\/\/dojo-bouddhiste-zen.com\/wp-content\/uploads\/2024\/06\/50ZenClermont3-300x225.jpg 300w, https:\/\/dojo-bouddhiste-zen.com\/wp-content\/uploads\/2024\/06\/50ZenClermont3-1024x768.jpg 1024w, https:\/\/dojo-bouddhiste-zen.com\/wp-content\/uploads\/2024\/06\/50ZenClermont3-768x576.jpg 768w, https:\/\/dojo-bouddhiste-zen.com\/wp-content\/uploads\/2024\/06\/50ZenClermont3-624x468.jpg 624w\" sizes=\"(max-width: 1200px) 100vw, 1200px\" \/><\/figure><\/div>\n\n<div class=\"wp-block-image\">\n<figure class=\"aligncenter is-resized\"><img loading=\"lazy\" decoding=\"async\" width=\"1065\" height=\"799\" src=\"https:\/\/dojo-bouddhiste-zen.com\/wp-content\/uploads\/2024\/06\/50ZenClermont2.jpg\" alt=\"\" class=\"wp-image-276\" style=\"width:503px;height:auto\" srcset=\"https:\/\/dojo-bouddhiste-zen.com\/wp-content\/uploads\/2024\/06\/50ZenClermont2.jpg 1065w, https:\/\/dojo-bouddhiste-zen.com\/wp-content\/uploads\/2024\/06\/50ZenClermont2-300x225.jpg 300w, https:\/\/dojo-bouddhiste-zen.com\/wp-content\/uploads\/2024\/06\/50ZenClermont2-1024x768.jpg 1024w, https:\/\/dojo-bouddhiste-zen.com\/wp-content\/uploads\/2024\/06\/50ZenClermont2-768x576.jpg 768w, https:\/\/dojo-bouddhiste-zen.com\/wp-content\/uploads\/2024\/06\/50ZenClermont2-624x468.jpg 624w\" sizes=\"(max-width: 1065px) 100vw, 1065px\" \/><\/figure><\/div>\n\n<div class=\"wp-block-image\">\n<figure class=\"aligncenter is-resized\"><img loading=\"lazy\" decoding=\"async\" width=\"1405\" height=\"1054\" src=\"https:\/\/dojo-bouddhiste-zen.com\/wp-content\/uploads\/2024\/06\/50ZenClermont1.jpg\" alt=\"\" class=\"wp-image-275\" style=\"width:505px;height:auto\" srcset=\"https:\/\/dojo-bouddhiste-zen.com\/wp-content\/uploads\/2024\/06\/50ZenClermont1.jpg 1405w, https:\/\/dojo-bouddhiste-zen.com\/wp-content\/uploads\/2024\/06\/50ZenClermont1-300x225.jpg 300w, https:\/\/dojo-bouddhiste-zen.com\/wp-content\/uploads\/2024\/06\/50ZenClermont1-1024x768.jpg 1024w, https:\/\/dojo-bouddhiste-zen.com\/wp-content\/uploads\/2024\/06\/50ZenClermont1-768x576.jpg 768w, https:\/\/dojo-bouddhiste-zen.com\/wp-content\/uploads\/2024\/06\/50ZenClermont1-624x468.jpg 624w\" sizes=\"(max-width: 1405px) 100vw, 1405px\" \/><\/figure><\/div>\n\n<div class=\"wp-block-image\">\n<figure class=\"aligncenter is-resized\"><img loading=\"lazy\" decoding=\"async\" width=\"1184\" height=\"888\" src=\"https:\/\/dojo-bouddhiste-zen.com\/wp-content\/uploads\/2024\/06\/50ZenClermont5.jpg\" alt=\"\" class=\"wp-image-279\" style=\"width:509px;height:auto\"\/><\/figure><\/div>\n\n\n<p class=\"has-small-font-size\"><br><strong>Week-end avec Marc Est\u00e9ban, 18 et 19 janvier 2020 :<\/strong><br>Le godo Marc Chigen Est\u00e9ban, responsable du dojo de Chalons-sur-Sa\u00f4ne, a dirig\u00e9 notre journ\u00e9e de zazen le 19 janvier 2020, qui se tenait au Bon Pasteur. La journ\u00e9e a rassembl\u00e9 entre 20 et 25 participants aux s\u00e9ances et s&#8217;est conclue par une double ordination de bodhisattva. La veille Marc Esteban avait donn\u00e9 un teisho (enseignement) dans notre dojo.<\/p>\n\n\n<div class=\"wp-block-image\">\n<figure class=\"aligncenter size-full is-resized\"><img loading=\"lazy\" decoding=\"async\" width=\"1000\" height=\"750\" src=\"http:\/\/dojo-bouddhiste-zen.com\/wp-content\/uploads\/2025\/10\/photo-groupe-2020.jpg\" alt=\"\" class=\"wp-image-471\" style=\"width:513px;height:auto\" srcset=\"https:\/\/dojo-bouddhiste-zen.com\/wp-content\/uploads\/2025\/10\/photo-groupe-2020.jpg 1000w, https:\/\/dojo-bouddhiste-zen.com\/wp-content\/uploads\/2025\/10\/photo-groupe-2020-300x225.jpg 300w, https:\/\/dojo-bouddhiste-zen.com\/wp-content\/uploads\/2025\/10\/photo-groupe-2020-768x576.jpg 768w, https:\/\/dojo-bouddhiste-zen.com\/wp-content\/uploads\/2025\/10\/photo-groupe-2020-624x468.jpg 624w\" sizes=\"(max-width: 1000px) 100vw, 1000px\" \/><\/figure><\/div>\n\n\n<p class=\"has-small-font-size\"><strong>Week-end &#8220;la m\u00e9ditation dans tous ses \u00e9tats&#8221;, novembre 2018 :<\/strong><br>Les 23, 24 et 25 novembre 2018 \u00e0 Vic-le-Comte, f\u00fbt organis\u00e9 par <em>Auvergne Mainpat Tibet<\/em>, association humanitaire soutenant les r\u00e9fugi\u00e9s tib\u00e9tains en Inde un week-end autour des diff\u00e9rentes formes de m\u00e9ditations (notre dojo repr\u00e9senta la tradition zen).<\/p>\n\n\n\n<p class=\"has-small-font-size\"><strong>Week-end &#8220;10 ans du dojo&#8221;, 20 et 21 octobre 2018 :<\/strong><br>Pour f\u00eater les 10 ans du Dojo Bouddhiste Zen Clermontois, un week-end a \u00e9tait organis\u00e9 les 20 et 21 octobre 2018, avec une conf\u00e9rence de Patrick Mor le samedi et une journ\u00e9e de pratique bien remplie le lendemain.<\/p>\n\n\n<div class=\"wp-block-image\">\n<figure class=\"aligncenter is-resized\"><img loading=\"lazy\" decoding=\"async\" width=\"1728\" height=\"1296\" src=\"https:\/\/dojo-bouddhiste-zen.com\/wp-content\/uploads\/2024\/05\/Photo-oct18-0361.jpg\" alt=\"\" class=\"wp-image-202\" style=\"width:503px;height:auto\" srcset=\"https:\/\/dojo-bouddhiste-zen.com\/wp-content\/uploads\/2024\/05\/Photo-oct18-0361.jpg 1728w, https:\/\/dojo-bouddhiste-zen.com\/wp-content\/uploads\/2024\/05\/Photo-oct18-0361-300x225.jpg 300w, https:\/\/dojo-bouddhiste-zen.com\/wp-content\/uploads\/2024\/05\/Photo-oct18-0361-1024x768.jpg 1024w, https:\/\/dojo-bouddhiste-zen.com\/wp-content\/uploads\/2024\/05\/Photo-oct18-0361-768x576.jpg 768w, https:\/\/dojo-bouddhiste-zen.com\/wp-content\/uploads\/2024\/05\/Photo-oct18-0361-1536x1152.jpg 1536w, https:\/\/dojo-bouddhiste-zen.com\/wp-content\/uploads\/2024\/05\/Photo-oct18-0361-624x468.jpg 624w\" sizes=\"(max-width: 1728px) 100vw, 1728px\" \/><\/figure><\/div>\n\n\n<p class=\"has-small-font-size\"><br><strong>50 ans du Zen en Europe, septembre 2017 :<\/strong><br>En 1967, Ma\u00eetre Taisen Deshimaru arrive du Japon apportant la graine du Zen sur un nouveau continent. En 2017, pour comm\u00e9morer cet \u00e9v\u00e8nement, le ma\u00eetre Guy Mercier dirigeant le Centre de Lanau est venu \u00e0 Clermont-Ferrand. Le 16 septembre, il a dispens\u00e9 une conf\u00e9rence et le 17 septembre \u00e0 dirig\u00e9 une journ\u00e9e de pratique au Centre du Bon Pasteur rassemblant une trentaine de participants plus une quinzaine de d\u00e9butants.<\/p>\n\n\n<div class=\"wp-block-image\">\n<figure class=\"aligncenter size-full is-resized\"><img loading=\"lazy\" decoding=\"async\" width=\"2560\" height=\"1709\" src=\"http:\/\/dojo-bouddhiste-zen.com\/wp-content\/uploads\/2024\/05\/IMG_4277-scaled.jpg\" alt=\"\" class=\"wp-image-215\" style=\"width:506px;height:auto\" srcset=\"https:\/\/dojo-bouddhiste-zen.com\/wp-content\/uploads\/2024\/05\/IMG_4277-scaled.jpg 2560w, https:\/\/dojo-bouddhiste-zen.com\/wp-content\/uploads\/2024\/05\/IMG_4277-300x200.jpg 300w, https:\/\/dojo-bouddhiste-zen.com\/wp-content\/uploads\/2024\/05\/IMG_4277-1024x684.jpg 1024w, https:\/\/dojo-bouddhiste-zen.com\/wp-content\/uploads\/2024\/05\/IMG_4277-768x513.jpg 768w, https:\/\/dojo-bouddhiste-zen.com\/wp-content\/uploads\/2024\/05\/IMG_4277-1536x1026.jpg 1536w, https:\/\/dojo-bouddhiste-zen.com\/wp-content\/uploads\/2024\/05\/IMG_4277-2048x1368.jpg 2048w, https:\/\/dojo-bouddhiste-zen.com\/wp-content\/uploads\/2024\/05\/IMG_4277-624x417.jpg 624w\" sizes=\"(max-width: 2560px) 100vw, 2560px\" \/><\/figure><\/div>\n\n\n<p class=\"has-small-font-size\"><br><strong>Journ\u00e9es de couture :<\/strong><br>Une des pratiques traditionnelles du bouddhisme est la couture du <em>kesa<\/em>, v\u00eatement identique \u00e0 celui que portait le Bouddha Sh\u00e2kyamuni qui avait rassembl\u00e9 des pi\u00e8ces de tissu de provenances diverses. Cette tradition s\u2019est transmise de ma\u00eetre \u00e0 disciple \u00e0 travers les \u00e2ges dans un esprit de d\u00e9pouillement et de foi profonde. Le <em>kesa<\/em> existe dans une version plus petite, le <em>rakusu<\/em>&nbsp;: port\u00e9 au quotidien, il rappelle au pratiquant son engagement sur la voie du zen.<\/p>\n\n\n\n<p class=\"has-text-align-center has-small-font-size\"><u>Pr\u00e9c\u00e9dentes journ\u00e9es :<\/u><br>un week-end en 2016 avec Marc Esteban<br>un week-end en 2016 avec Catherine Cordier<br>deux apr\u00e8s-midi en 2018 avec Arlette Lorca<\/p>\n\n\n\n<p class=\"has-small-font-size\"><strong>D\u00e9but du Zen \u00e0 Clermont-Ferrand :<\/strong><br>En 1973, le zen commence \u00e0 faire son chemin \u00e0 Clermont-Ferrand gr\u00e2ce aux efforts de Denis Jean, H\u00e9l\u00e8ne Godard et Michel Pireyre. Petite photo souvenir un demi-si\u00e8cle plus tard.<br><\/p>\n\n\n<div class=\"wp-block-image\">\n<figure class=\"aligncenter is-resized\"><img loading=\"lazy\" decoding=\"async\" width=\"933\" height=\"700\" src=\"https:\/\/dojo-bouddhiste-zen.com\/wp-content\/uploads\/2024\/06\/50ZenClermont4.jpg\" alt=\"\" class=\"wp-image-278\" style=\"width:431px;height:auto\" srcset=\"https:\/\/dojo-bouddhiste-zen.com\/wp-content\/uploads\/2024\/06\/50ZenClermont4.jpg 933w, https:\/\/dojo-bouddhiste-zen.com\/wp-content\/uploads\/2024\/06\/50ZenClermont4-300x225.jpg 300w, https:\/\/dojo-bouddhiste-zen.com\/wp-content\/uploads\/2024\/06\/50ZenClermont4-768x576.jpg 768w, https:\/\/dojo-bouddhiste-zen.com\/wp-content\/uploads\/2024\/06\/50ZenClermont4-624x468.jpg 624w\" sizes=\"(max-width: 933px) 100vw, 933px\" \/><\/figure><\/div>","protected":false},"excerpt":{"rendered":"<p>S\u00e9ance d&#8217;initiation : Le premier samedi de chaque mois \u00e0 11h30Le troisi\u00e8me jeudi de chaque mois \u00e0 18h00 (hors juillet-ao\u00fbt) Journ\u00e9es de zazen : Un dimanche par mois (en g\u00e9n\u00e9ral le quatri\u00e8me), une journ\u00e9e compl\u00e8te de pratique est propos\u00e9e. Il est possible de ne faire qu&#8217;une s\u00e9ance.Horaires des m\u00e9ditations : 9h00 &#8211; 10h45 &#8211; 14h00 [&hellip;]<\/p>\n","protected":false},"author":1,"featured_media":0,"parent":0,"menu_order":0,"comment_status":"closed","ping_status":"closed","template":"","meta":{"om_disable_all_campaigns":false,"_monsterinsights_skip_tracking":false,"_monsterinsights_sitenote_active":false,"_monsterinsights_sitenote_note":"","_monsterinsights_sitenote_category":0,"footnotes":""},"aioseo_notices":[],"_links":{"self":[{"href":"https:\/\/dojo-bouddhiste-zen.com\/index.php?rest_route=\/wp\/v2\/pages\/33"}],"collection":[{"href":"https:\/\/dojo-bouddhiste-zen.com\/index.php?rest_route=\/wp\/v2\/pages"}],"about":[{"href":"https:\/\/dojo-bouddhiste-zen.com\/index.php?rest_route=\/wp\/v2\/types\/page"}],"author":[{"embeddable":true,"href":"https:\/\/dojo-bouddhiste-zen.com\/index.php?rest_route=\/wp\/v2\/users\/1"}],"replies":[{"embeddable":true,"href":"https:\/\/dojo-bouddhiste-zen.com\/index.php?rest_route=%2Fwp%2Fv2%2Fcomments&post=33"}],"version-history":[{"count":95,"href":"https:\/\/dojo-bouddhiste-zen.com\/index.php?rest_route=\/wp\/v2\/pages\/33\/revisions"}],"predecessor-version":[{"id":497,"href":"https:\/\/dojo-bouddhiste-zen.com\/index.php?rest_route=\/wp\/v2\/pages\/33\/revisions\/497"}],"wp:attachment":[{"href":"https:\/\/dojo-bouddhiste-zen.com\/index.php?rest_route=%2Fwp%2Fv2%2Fmedia&parent=33"}],"curies":[{"name":"wp","href":"https:\/\/api.w.org\/{rel}","templated":true}]}}