{"id":34,"date":"2023-11-27T16:34:16","date_gmt":"2023-11-27T15:34:16","guid":{"rendered":"https:\/\/dojo-bouddhiste-zen.com\/?page_id=34"},"modified":"2025-02-05T16:16:08","modified_gmt":"2025-02-05T15:16:08","slug":"le-zen","status":"publish","type":"page","link":"https:\/\/dojo-bouddhiste-zen.com\/?page_id=34","title":{"rendered":"Le zen"},"content":{"rendered":"\n<p>Le Zen est l&#8217;une des principales \u00e9coles du Bouddhisme, elle privil\u00e9gie la pratique de la <strong>m\u00e9ditation assise <\/strong>(zazen).<\/p>\n\n\n\n<p>Elle ne repose sur aucun dogme ni sur aucune id\u00e9ologie. La simple connaissance des textes n&#8217;est pas suffisante pour comprendre le zen. Le zen propose une <strong>pratique-r\u00e9alisation<\/strong>, esprit et corps en unit\u00e9,  qui ouvre l\u2019acc\u00e8s direct \u00e0 une connaissance intime de soi-m\u00eame.<\/p>\n\n\n\n<p>C\u2019est au sein d&#8217;un dojo en b\u00e9n\u00e9ficiant de l&#8217;\u00e9nergie du groupe que le zen peut se d\u00e9ployer pleinement. De plus, si l\u2019on pratique seul, au risque d&#8217;une imagination incontr\u00f4l\u00e9e, l\u2019illusionner sur l\u2019Eveil qui n&#8217;est pas une condition sp\u00e9ciale mais un retour \u00e0 notre nature <em>originelle<\/em>.&nbsp; Il aide ainsi \u00e0 r\u00e9v\u00e9ler notre nature profonde qui est celle de l\u2019<strong>Eveil<\/strong>. C\u2019est revenir \u00e0 <strong>Ku<\/strong> (vacuit\u00e9), \u00e0 nos origines profondes, pour revenir ensuite \u00e0 <strong>Shiki<\/strong> (les ph\u00e9nom\u00e8nes).<\/p>\n\n\n\n<blockquote class=\"wp-block-quote\">\n<p class=\"has-text-align-center\">&#8220;Lorsque l&#8217;esprit ne demeure sur rien, le v\u00e9ritable esprit appara\u00eet&#8221;<br><em>(S\u00fbtra du diamant)<\/em><\/p>\n<\/blockquote>\n\n\n\n<p>Le Zen est <strong>Mushotoku<\/strong>, c\u2019est-\u00e0-dire sans but, sans esprit de profit, sans recherche de pouvoirs. Quand on demandait \u00e0 Kodo Sawaki &#8220;Pourquoi pratiquez-vous zazen ?&#8221;, il r\u00e9pondait seulement &#8220;Pour rien&#8221;.<\/p>\n\n\n<div class=\"wp-block-image\">\n<figure class=\"aligncenter\"><img loading=\"lazy\" decoding=\"async\" width=\"297\" height=\"170\" src=\"https:\/\/dojo-bouddhiste-zen.com\/wp-content\/uploads\/2024\/06\/enso.jpeg\" alt=\"\" class=\"wp-image-296\"\/><\/figure><\/div>\n\n\n<p><\/p>\n\n\n\n<p class=\"has-white-color has-medium-gray-background-color has-text-color has-background has-link-color has-medium-font-size wp-elements-fc9b17ad62e52c71a96312d27cbef197\"><strong>Histoire du Bouddhisme et du Zen<\/strong><\/p>\n\n\n\n<p class=\"has-blue-color has-text-color has-link-color wp-elements-2e502e8d303740922bb39e6ffccc5d73\"><strong>Le Bouddha et l&#8217;Inde<\/strong><\/p>\n\n\n\n<p>Le Bouddha est n\u00e9 vers 566 avant J-C \u00e0 Lumbini, pr\u00e8s de Kapilavastu, au N\u00e9pal moderne pr\u00e8s de la fronti\u00e8re indienne. Son nom de naissance est Siddhartha Gautama. Fils d&#8217;une famille royale, son \u00e9ducation est raffin\u00e9e, il \u00e9tudie les sciences, les lettres, les langues, on l&#8217;initie \u00e9galement aux arts de la guerre.<\/p>\n\n\n\n<p>&nbsp;\u00c0 l&#8217;\u00e2ge de 29 ans, Siddhartha, lass\u00e9 par toute cette abondance, s\u2019aventure pour la premi\u00e8re fois \u00e0 l&#8217;ext\u00e9rieur du palais, il fait face \u00e0 une r\u00e9alit\u00e9 totalement nouvelle. Apr\u00e8s avoir vu la naissance d\u2019un enfant, un malade, un vieillard, et un cadavre, Siddhartha r\u00e9alise soudainement que la souffrance est commune \u00e0 toute l&#8217;humanit\u00e9. Il comprit alors que si sa condition princi\u00e8re le met \u00e0 l&#8217;abri du besoin, rien ne le prot\u00e9gera jamais de la vieillesse, de la maladie, de la mort et de la souffrance.<\/p>\n\n\n\n<p>Le soir m\u00eame, il d\u00e9cide d&#8217;abandonner sa famille, la richesse et son titre de successeur du tr\u00f4ne afin de trouver la voie du salut. Siddhartha voyage comme un mendiant dans le nord de l&#8217;Inde et suit les enseignements de nombreux ma\u00eetres, qui le laissent insatisfait.&nbsp; Il poursuit sa qu\u00eate et s\u2019installe avec cinq hommes qui partagent le m\u00eame objectif. Ensemble, ils cherchent \u00e0 obtenir l\u2019\u00c9veil spirituel \u00e0 travers une pratique extr\u00eame : privation totale de biens mat\u00e9riels, pratique de la m\u00e9ditation 10 heures par jour, ne se nourrissent que de quelques grains de riz par jour, ne parlent jamais et ne dorment que tr\u00e8s peu.<\/p>\n\n\n\n<p>Un jour durant sa pratique asc\u00e9tique, affam\u00e9, affaibli et malade, Siddhartha fini par s&#8217;effondrer. Il est aid\u00e9 par une jeune villageoise qui prends soin de lui et le nourrit de lait et de riz. Il retrouve progressivement la sant\u00e9 et cesse cette pratique extr\u00eame, mais perd ses cinq compagnons. Ceux-ci voyaient ce changement de philosophie comme une d\u00e9faite. Apr\u00e8s ces six ann\u00e9es de mortification Siddhartha comprit que l&#8217;asc\u00e9tisme extr\u00eame ne fonctionne pas, et qu&#8217;en toutes choses, l&#8217;\u00e9quilibre est important.<\/p>\n\n\n\n<p>En r\u00e9ponse \u00e0 son exp\u00e9rience, il d\u00e9veloppe une pratique et un mode de vie qu&#8217;il appelle La Voie du Milieu, un chemin de la mod\u00e9ration, de l\u2019\u00e9quilibre, loin des extr\u00eames, dans tous les aspects de la vie. \u00c9viter tant la gratification des sens que l&#8217;aust\u00e9rit\u00e9 excessive. Siddhartha s\u2019assit alors en dhyana (Zazen en japonais) au pied d&#8217;un figuier connu depuis sous le nom de l\u2019arbre de la Bodhi ou l\u2019arbre de l\u2019\u00c9veil et prit la d\u00e9cision de ne pas s&#8217;arr\u00eater avant d&#8217;atteindre l&#8217;illumination (satori en japonais), l&#8217;\u00c9veil \u00e0 sa propre nature et \u00e0 la nature de l\u2019Univers. Apr\u00e8s 49 jours de m\u00e9ditation, il est dit que Siddhartha atteint l\u2019\u00c9veil, c&#8217;est \u00e0 ce moment qu&#8217;il est devenu &#8220;Le Bouddha&#8221; ou &#8220;l&#8217;\u00c9veill\u00e9&#8221;. Au moment de son illumination, Bouddha obtient une compr\u00e9hension intuitive de son propre esprit, et comprit la cause de la souffrance terrestre, ainsi que la fa\u00e7on dont elle peut \u00eatre \u00e9radiqu\u00e9e.<\/p>\n\n\n\n<p>Bouddha r\u00e9alise intuitivement que m\u00eame si nous poss\u00e9dions tout ce que nous d\u00e9sirons, nous serions encore insatisfaits. C&#8217;est parce que le vrai bonheur ne d\u00e9pend pas de ce que nous avons mais de ce que nous sommes. Le Bouddha nous a laiss\u00e9 un enseignement, appel\u00e9 Dharma, une pratique et une doctrine que tout le monde peut int\u00e9grer \u00e0 sa vie.<\/p>\n\n\n\n<p>Apr\u00e8s avoir d\u00e9cid\u00e9 de pr\u00eacher sa doctrine (Dharma en sanskrit), le Bouddha rencontre \u00e0 B\u00e9nar\u00e8s, au Parc des Gazelles, ses cinq anciens compagnons et leur enseigne les Quatres Nobles V\u00e9rit\u00e9s. Ce premier enseignement est appel\u00e9 \u00ab La mise en mouvement de la Roue du Dharma&#8221;. Surpris par sa sagesse, sa sinc\u00e9rit\u00e9 et ses connaissances, ceux-ci ont d\u00e9cid\u00e9 de suivre l\u2019enseignement du Bouddha, ont \u00e9t\u00e9 ordonn\u00e9s moines et ont form\u00e9 la premi\u00e8re communaut\u00e9, la Sangha. Apr\u00e8s une vie consacr\u00e9e \u00e0 l\u2019enseignement spirituel, le Bouddha meurt \u00e0 Kusinagara \u00e0 environ 80 ans.<\/p>\n\n\n\n<p>Le bouddhisme se divisera en deux branches : le Mahayana et le Hinayana et se r\u00e9pendra dans toute l&#8217;Asie. Le Mahayana qui signifie &#8220;grand v\u00e9hicule&#8221; se subdivisera \u00e0 son tour en nombreux courants.<\/p>\n\n\n\n<p>La tradition Mahayana du Dyana (qui signifie m\u00e9ditation) qui donnera le Ch&#8217;an puis le Zen, remonte \u00e0 un \u00e9pisode narr\u00e9 dans le <em>Lankavatara S\u00fbtra.<\/em> Au Mont des Vautours Bouddha prit une fleur <em>Udumbara<\/em> entre ses doigts (fleurissant tous les trois mille ans, d&#8217;apr\u00e8s la l\u00e9gende), et la fit tourner sans mot dire. Mahakashyapa, fut le seul disciple \u00e0 comprendre l&#8217;essence de l&#8217;esprit du Bouddha, et r\u00e9pondit par un sourire, qui manifesta sa compr\u00e9hension profonde, que le Bouddha reconnut alors et lui transmis le Dharma directement d&#8217;esprit \u00e0 esprit (en japonais&nbsp;: <em>i shin den shin<\/em>).<\/p>\n\n\n\n<p class=\"has-blue-color has-text-color has-link-color wp-elements-6ba19f80d3450d49a230c762319eb221\"> <style type=\"text\/css\">p { margin-bottom: 0.25cm; line-height: 115%; background: transparent }em { font-style: italic }a:link { color: #000080; so-language: zxx; text-decoration: underline } <font color=\"#000000\">\u00a0 \u00a0<\/font><\/style><strong>Bodhidharma et la Chine<\/strong><\/p>\n\n\n\n<p>Bodhidharma 28e patriarche de la lign\u00e9e dhyana serait arriv\u00e9 en Chine vers l&#8217;an 500 o\u00f9 le bouddhisme est d\u00e9j\u00e0 connu depuis plusieurs si\u00e8cle se rend \u00e0 Shaolin. L\u00e0, il s&#8217;installe dans une grotte o\u00f9, dit-on, il reste neuf ans \u00e0 contempler le mur.<\/p>\n\n\n<div class=\"wp-block-image\">\n<figure class=\"aligncenter is-resized\"><img loading=\"lazy\" decoding=\"async\" width=\"124\" height=\"150\" src=\"https:\/\/dojo-bouddhiste-zen.com\/wp-content\/uploads\/2024\/06\/boddhidharma.png\" alt=\"\" class=\"wp-image-288\" style=\"width:206px;height:auto\"\/><\/figure><\/div>\n\n\n<p>Un jour, un jeune homme nomm\u00e9 Eka, vient jusqu&#8217;\u00e0 lui pour \u00eatre instruit dans la pratique du bouddhisme. Ce jour-l\u00e0, il neige \u00e0 gros flocons. Bodhidharma est assis comme \u00e0 son habitude, en silence, face au mur de sa grotte. Eka reste debout \u00e0 l&#8217;ext\u00e9rieur dans la neige mais Bodhidharma reste inflexible. Finalement le jeune homme se saisit de son \u00e9p\u00e9e et coupe son bras. Il sera accept\u00e9 comme disciple et deviendra plus tard le 2e patriarche chinois, suivent S\u00f4san, D\u00f4shin puis K\u00f4nin.<\/p>\n\n\n\n<p class=\"has-text-align-center\"><em>&#8220;Voir dans sa propre nature pour atteindre l&#8217;\u00e9veil&#8221; (Bodhidharma)<\/em><\/p>\n\n\n\n<p>Apr\u00e8s avoir entendu le <em>S\u00fbtra du Diamant<\/em>, <strong>Eno<\/strong> (638-713) orphelin n\u00e9 \u00e0 Canton, se rend au monast\u00e8re du Mont de la Prune Jaune. Un jour, Sh\u00e9nxi\u00f9, moine \u00e9rudit et assistant du 5e patriarche, \u00e9crit un po\u00e8me sur un mur&nbsp;:<em>Le corps est l&#8217;arbre de l&#8217;\u00c9veil, L&#8217;esprit est comme un brillant miroir dress\u00e9. \u00c0 chaque instant je l&#8217;\u00e9poussette, Et n&#8217;y laisse aucune poussi\u00e8re.<\/em><\/p>\n\n\n\n<p>Illettr\u00e9, Eno se fait lire le po\u00e8me, puis il y r\u00e9pond par ces vers qu&#8217;il demande \u00e0 quelqu&#8217;un d&#8217;\u00e9crire \u00e0 c\u00f4t\u00e9 du pr\u00e9c\u00e9dent&nbsp;:<em>Il n&#8217;y a aucun arbre dans l&#8217;\u00c9veil, Le miroir n&#8217;est pas dress\u00e9. Puisque fondamentalement rien n&#8217;a d&#8217;existence, O\u00f9 de la poussi\u00e8re pourrait-elle se d\u00e9poser&nbsp;?<\/em><\/p>\n\n\n\n<p>Ayant vu cela, le patriarche, convoque Eno pour lui donner sa robe et son bol, symbole de la transmission puis lui demande de fuir \u00e0 cause des jalousies. Apr\u00e8s Eno, le Ch&#8217;an se divise en nombreuse \u00e9coles et se propage dans toute la Chine.<\/p>\n\n\n\n<p class=\"has-blue-color has-text-color has-link-color wp-elements-cd10c1764337bd04b959d6e3a46af3b8\"><strong>D\u00f4gen et le Japon<\/strong><\/p>\n\n\n\n<p>Le bouddhisme a \u00e9t\u00e9 introduit au Japon vers le Ve si\u00e8cle. Rapidement, divers courants s\u2019y sont d\u00e9velopp\u00e9es aux c\u00f4t\u00e9s de la religion autochtone, le Shint\u00f4.<\/p>\n\n\n\n<p>Ma\u00eetre D\u00f4gen n\u00e9 en 1200 pr\u00e8s de Kyoto suivi d&#8217;abord l&#8217;enseignement du bouddhisme Tendai. De\u00e7u par le formalisme il d\u00e9cide de partir en&nbsp;Chine, va de temple en temple et finit par trouver ma\u00eetre Nyojo. Il suit sa formation spirituelle pendant deux ans avant de recevoir le Shiho, la transmission int\u00e9grale du Dharma.<\/p>\n\n\n<div class=\"wp-block-image\">\n<figure class=\"aligncenter\"><img loading=\"lazy\" decoding=\"async\" width=\"210\" height=\"280\" src=\"http:\/\/dojo-bouddhiste-zen.com\/wp-content\/uploads\/2024\/04\/dogen.jpg\" alt=\"\" class=\"wp-image-154\"\/><\/figure><\/div>\n\n\n<p>\u00c0 28 ans, il retourne au Japon pour r\u00e9pandre le Bouddhisme Chan de l&#8217;\u00e9cole Caodong, qui allait devenir au Japon le Bouddhisme Zen de l&#8217;\u00e9cole S\u00f4t\u00f4. En 1246, il fonde Eihei-ji, le temple principal du Zen S\u00f4t\u00f4. Ma\u00eetre D\u00f4gen passe les derni\u00e8res ann\u00e9es de sa vie \u00e0 enseigner et \u00e0 \u00e9crire de nombreux livres. Son chef-d&#8217;\u0153uvre est le Sh\u00f4b\u00f4genz\u00f4, &#8220;Le Tr\u00e9sor de l&#8217;\u0153il de la Vraie Loi &#8220;.<\/p>\n\n\n\n<p>Le zen gr\u00e2ce \u00e0 D\u00f4gen, va se d\u00e9velopper rapidement et influencer en profondeur la spiritualit\u00e9, la philosophie et l&#8217;art japonais, mais apr\u00e8s quelques si\u00e8cles il s&#8217;essouffle.<\/p>\n\n\n\n<p>Kodo Sawaki n\u00e9 en 1880 est le grand r\u00e9formateur du Zen au XXe si\u00e8cle. Orphelin, il dut travailler pour se nourrir et \u00e0 l&#8217;\u00e2ge de treize ans, dans un quartier louche, il devint guetteur \u00e0 la solde de joueurs. Ayant assist\u00e9 \u00e0 la mort d&#8217;un vieil homme dans une maison close, il prit brutalement conscience de l&#8217;impermanence de la vie et du non-sens d&#8217;une telle mort. Sans famille ni amis, sans argent, \u00e2g\u00e9 de seize ans, il se rendit \u00e0 pied au temple de <em>Eihei-ji, c<\/em>harg\u00e9 de piler le riz. Ce fut durant ses voyages ult\u00e9rieurs qu&#8217;il rencontra Ma\u00eetre <em>Koho<\/em>, par qui il fut certifi\u00e9.<\/p>\n\n\n\n<p>Lorsque \u00e9clata la guerre sino-japonaise, il fut envoy\u00e9 au front. Un jour, apr\u00e8s avoir re\u00e7u une balle dans la bouche, il fut laiss\u00e9 pour mort et jet\u00e9 dans un charnier, il resta plusieurs jours sous les corps en d\u00e9composition. D\u00e9couvert, <em>Kodo<\/em> fut renvoy\u00e9 au Japon comme bless\u00e9 de guerre. Ayant r\u00e9alis\u00e9 que la pratique de <em>zazen<\/em> avait pratiquement disparu du <em>zen <\/em>au Japon, d\u00e9\u00e7u, il se retira dans un ermitage abandonn\u00e9. Dormant peu, il passait ses jours et ses nuits \u00e0 pratiquer <em>zazen<\/em> et \u00e0 \u00e9tudier le <em>Sh\u00f4b\u00f4genz\u00f4<\/em>.<\/p>\n\n\n\n<p>Apr\u00e8s quelques ann\u00e9es de cette vie, suivi par quelques fervents disciples, parmi lesquels <em>Taisen Deshimaru<\/em>, il r\u00e9pandit son enseignement aux quatre coins du Japon, des grandes villes aux bourgades de p\u00eacheurs, des universit\u00e9s aux prisons. En 1965, sur son lit de mort, il remit \u00e0 <em>Taisen Deshimaru<\/em> son <em>kesa<\/em> et ses bols, et lui demanda de continuer son enseignement.<\/p>\n\n\n\n<p class=\"has-blue-color has-text-color has-link-color wp-elements-267d144b6b0169609137869fa13f5609\"><strong>Deshimaru et l&#8217;Europe<\/strong><\/p>\n\n\n\n<p>Taisen Deshimaru est n\u00e9 en 1914, dans l\u2019\u00eele de Kyushu. Durant sa jeunesse, il est fortement influenc\u00e9 par l&#8217;esprit du Bushido et par les arts martiaux (son grand-p\u00e8re lui enseigne le Kendo et le Judo). Il est int\u00e9ress\u00e9 \u00e9galement par la spiritualit\u00e9 et il \u00e9tudie d\u2019abord le christianisme. Ses nombreuses rencontres et discussions avec les moines chr\u00e9tiens, les pr\u00eatres et les th\u00e9ologiens le laisse insatisfait. M\u00e9content avec le christianisme, il revient finalement au Bouddhisme.<\/p>\n\n\n\n<p>En 1935, alors qu\u2019il suit des \u00e9tudes d\u2019\u00e9conomie \u00e0 Tokyo, il commence \u00e0 pratiquer le zen S\u00f4t\u00f4 avec K\u00f4d\u00f4 Sawaki. Il souhaite devenir moine mais Sawaki l\u2019encourage \u00e0 pratiquer tout en continuant une vie la\u00efque, ce qu\u2019il fait pendant les trente ann\u00e9es suivantes, puis K\u00f4d\u00f4 Sawaki lui donne l\u2019ordination. Taisen Deshimaru ressent qu\u2019il a alors r\u00e9solu les contradictions qu\u2019il \u00e9prouvait entre les aspects mat\u00e9riel et spirituel de la vie.<\/p>\n\n\n\n<p>En 1967, il vient en France par le transsib\u00e9rien. En quelques ann\u00e9es, il multiplie les conf\u00e9rences et les sessions de pratique, traduit les textes fondamentaux, publie des ouvrages et cr\u00e9\u00e9 l\u2019Association Zen Internationale. Gr\u00e2ce \u00e0 son effort de nombreux lieux de pratiques voient le jour et en 1979 le temple de la Gendronni\u00e8re est b\u00e2ti.<\/p>\n\n\n<div class=\"wp-block-image\">\n<figure class=\"aligncenter size-full\"><img loading=\"lazy\" decoding=\"async\" width=\"258\" height=\"185\" src=\"http:\/\/dojo-bouddhiste-zen.com\/wp-content\/uploads\/2024\/04\/deshimaru3.jpeg\" alt=\"\" class=\"wp-image-153\"\/><\/figure><\/div>\n\n\n<p>Il d\u00e9c\u00e8de en 1982 \u00e0 Tokyo. Dot\u00e9 d\u2019une \u00e9nergie exceptionnelle, Taisen Deshimaru \u00e9tait anim\u00e9 d\u2019une foi in\u00e9branlable dans la pratique de zazen, dans l\u2019enseignement pur des bouddhas et des patriarches du zen, et dans l\u2019importance de cette pratique et de cet enseignement pour la civilisation \u00e0 venir. Bien qu\u2019il n\u2019ait pas nomm\u00e9 de successeur direct ni donn\u00e9 de transmission officielle il transmit cette foi \u00e0 de nombreux disciples qu\u2019il avait form\u00e9s.<\/p>\n\n\n<div class=\"wp-block-image\">\n<figure class=\"aligncenter\"><img loading=\"lazy\" decoding=\"async\" width=\"275\" height=\"183\" src=\"https:\/\/dojo-bouddhiste-zen.com\/wp-content\/uploads\/2025\/02\/deshimaru-kosen-1.jpeg\" alt=\"\" class=\"wp-image-418\"\/><\/figure><\/div>","protected":false},"excerpt":{"rendered":"<p>Le Zen est l&#8217;une des principales \u00e9coles du Bouddhisme, elle privil\u00e9gie la pratique de la m\u00e9ditation assise (zazen). Elle ne repose sur aucun dogme ni sur aucune id\u00e9ologie. La simple connaissance des textes n&#8217;est pas suffisante pour comprendre le zen. Le zen propose une pratique-r\u00e9alisation, esprit et corps en unit\u00e9, qui ouvre l\u2019acc\u00e8s direct \u00e0 [&hellip;]<\/p>\n","protected":false},"author":1,"featured_media":0,"parent":0,"menu_order":0,"comment_status":"closed","ping_status":"closed","template":"","meta":{"om_disable_all_campaigns":false,"_monsterinsights_skip_tracking":false,"_monsterinsights_sitenote_active":false,"_monsterinsights_sitenote_note":"","_monsterinsights_sitenote_category":0,"footnotes":""},"aioseo_notices":[],"_links":{"self":[{"href":"https:\/\/dojo-bouddhiste-zen.com\/index.php?rest_route=\/wp\/v2\/pages\/34"}],"collection":[{"href":"https:\/\/dojo-bouddhiste-zen.com\/index.php?rest_route=\/wp\/v2\/pages"}],"about":[{"href":"https:\/\/dojo-bouddhiste-zen.com\/index.php?rest_route=\/wp\/v2\/types\/page"}],"author":[{"embeddable":true,"href":"https:\/\/dojo-bouddhiste-zen.com\/index.php?rest_route=\/wp\/v2\/users\/1"}],"replies":[{"embeddable":true,"href":"https:\/\/dojo-bouddhiste-zen.com\/index.php?rest_route=%2Fwp%2Fv2%2Fcomments&post=34"}],"version-history":[{"count":20,"href":"https:\/\/dojo-bouddhiste-zen.com\/index.php?rest_route=\/wp\/v2\/pages\/34\/revisions"}],"predecessor-version":[{"id":424,"href":"https:\/\/dojo-bouddhiste-zen.com\/index.php?rest_route=\/wp\/v2\/pages\/34\/revisions\/424"}],"wp:attachment":[{"href":"https:\/\/dojo-bouddhiste-zen.com\/index.php?rest_route=%2Fwp%2Fv2%2Fmedia&parent=34"}],"curies":[{"name":"wp","href":"https:\/\/api.w.org\/{rel}","templated":true}]}}