{"id":35,"date":"2023-11-27T16:34:16","date_gmt":"2023-11-27T15:34:16","guid":{"rendered":"https:\/\/dojo-bouddhiste-zen.com\/?page_id=35"},"modified":"2024-05-28T09:45:57","modified_gmt":"2024-05-28T07:45:57","slug":"la-pratique","status":"publish","type":"page","link":"https:\/\/dojo-bouddhiste-zen.com\/?page_id=35","title":{"rendered":"La pratique"},"content":{"rendered":"\n<p>Taisen Deshimaru disait &#8220;Le vrai zen, c\u2019est zazen. Seulement s\u2019asseoir.&#8221; qu&#8217;on appelle <strong>Shikantaza<\/strong>. Le zazen, litt\u00e9ralement le zen assis repose sur trois piliers : posture, respiration et \u00e9tat d&#8217;esprit.<\/p>\n\n\n<div class=\"wp-block-image\">\n<figure class=\"aligncenter is-resized\"><img loading=\"lazy\" decoding=\"async\" width=\"270\" height=\"361\" src=\"https:\/\/dojo-bouddhiste-zen.com\/wp-content\/uploads\/2024\/05\/dessinZazen-copie.jpg\" alt=\"\" class=\"wp-image-236\" style=\"width:193px;height:auto\" srcset=\"https:\/\/dojo-bouddhiste-zen.com\/wp-content\/uploads\/2024\/05\/dessinZazen-copie.jpg 270w, https:\/\/dojo-bouddhiste-zen.com\/wp-content\/uploads\/2024\/05\/dessinZazen-copie-224x300.jpg 224w\" sizes=\"(max-width: 270px) 100vw, 270px\" \/><\/figure><\/div>\n\n\n<p><\/p>\n\n\n\n<p class=\"has-blue-color has-text-color has-link-color wp-elements-e5a136f7738267aed2b2273fa275976d\"><strong>La Posture assise : Zazen<\/strong><\/p>\n\n\n\n<p>On s&#8217;assoit sur un <em>zafu<\/em> (coussin) en croisant les jambes ou sur un banc de m\u00e9ditation. On pousse le sol avec les genoux et en direction du ciel avec le sommet du cr\u00e2ne. La colonne vert\u00e9brale est tendue, sans crispation, bassin l\u00e9g\u00e8rement bascul\u00e9 vers l&#8217;avant. Le menton est rentr\u00e9, la nuque bien droite. Les doigts de la main gauche sont plac\u00e9s sur la paume de la main droite, pouces horizontaux, de mani\u00e8re \u00e0 dessiner un bel ovale. Les mains reposent sur les cuisses, le tranchant plaqu\u00e9 contre le ventre. Le regard tombe \u00e0 45\u00b0 devant soi, sans rien fixer de particulier.<\/p>\n\n\n\n<p>Dans cette posture assise, l\u2019homme devient v\u00e9ritablement un interm\u00e9diaire entre le ciel et la terre. On est dans le ressenti, dans l\u2019exp\u00e9rience avec le corps plut\u00f4t que dans l\u2019intellect. Zazen c\u2019est donc pratiquer corps et esprit en unit\u00e9. Zazen est difficile, surtout au d\u00e9but. Mais s\u2019il n\u2019y a pas de difficult\u00e9s, rien n\u2019est efficace. Et si on patiente, tout le monde y arrive.<\/p>\n\n\n\n<p>Zazen, c\u2019est la plus haute posture, c\u2019est une sainte posture, c\u2019est l\u2019ultime \u00e9tape, l\u2019\u00e2ge adulte de l\u2019\u00eatre spirituel.<\/p>\n\n\n\n<p class=\"has-text-align-center\"><a href=\"https:\/\/www.youtube.com\/watch?v=LEVxkYPTJtw&amp;feature=youtu.be\" target=\"_blank\" rel=\"noopener\" title=\"\">\u21aa Vid\u00e9o de d\u00e9monstration de la posture<\/a><\/p>\n\n\n<div class=\"wp-block-image\">\n<figure class=\"aligncenter size-full\"><img loading=\"lazy\" decoding=\"async\" width=\"289\" height=\"323\" src=\"http:\/\/dojo-bouddhiste-zen.com\/wp-content\/uploads\/2024\/04\/deshimaru.jpeg\" alt=\"\" class=\"wp-image-152\" srcset=\"https:\/\/dojo-bouddhiste-zen.com\/wp-content\/uploads\/2024\/04\/deshimaru.jpeg 289w, https:\/\/dojo-bouddhiste-zen.com\/wp-content\/uploads\/2024\/04\/deshimaru-268x300.jpeg 268w\" sizes=\"(max-width: 289px) 100vw, 289px\" \/><\/figure><\/div>\n\n\n<p class=\"has-blue-color has-text-color has-link-color wp-elements-a2a137bb4efead24a3ecb0602a2aa5a9\"><br><strong>La Respiration<\/strong><\/p>\n\n\n\n<p>La respiration zen est un \u00e9l\u00e9ment fondamental de la pratique de zazen. Elle ne peut surgir que d&#8217;une posture correcte. Pendant zazen, respirez tranquillement par le nez et gardez la bouche ferm\u00e9e. Essayer d&#8217;\u00e9tablir un rythme lent, puissant et naturel bas\u00e9 sur une expiration douce, longue et profonde. Vous devez vous concentrer sur l&#8217;expiration alors que l&#8217;inspiration se fait naturellement.&nbsp;&nbsp;<br>L&#8217;air est rejet\u00e9 lentement et silencieusement par le nez, tandis que la pouss\u00e9e due \u00e0 l&#8217;expiration descend puissamment dans le ventre.<\/p>\n\n\n\n<p class=\"has-blue-color has-text-color has-link-color wp-elements-b57279818b2ce000d2f26d54d8703f39\"><strong>L&#8217;Etat d&#8217;esprit : Hishiryo<\/strong><\/p>\n\n\n\n<p>Pendant zazen, il est normal que des images, des pens\u00e9es et des \u00e9motions apparaissent de l&#8217;inconscient. Laissez-les passer sans vous y opposer, sans vous y accrocher. Ni pens\u00e9e, ni non-pens\u00e9e, mais au-del\u00e0 de la pens\u00e9e et de la non pens\u00e9e : c&#8217;est <strong>Hishiryo<\/strong>.<\/p>\n\n\n\n<p>Ma\u00eetre Deshimaru disait : &#8220;Zazen lui-m\u00eame est Satori. Pas de dualit\u00e9 ou de relativit\u00e9 entre l&#8217;homme et le Bouddha, mais unit\u00e9 compl\u00e8te.&#8221;<\/p>\n\n\n\n<p>Pratiqu\u00e9 sinc\u00e8rement et fortement, il permet de casser les ruminations mentales, de s\u2019observer et de se conna\u00eetre soi-m\u00eame, sans complaisance. Il agit alors comme un miroir pr\u00e9cieux qui permet d\u2019observer nos imperfections et nos illusions, avec lucidit\u00e9. En restant compl\u00e8tement immobile et silencieux, durant une heure dans le dojo, on calme le mental ; ainsi on peut tout observer \u00e0 partir de la non-pens\u00e9e. Et lorsque l\u2019on abandonne son propre esprit, alors le v\u00e9ritable esprit appara\u00eet.<\/p>\n\n\n\n<p>Mais zazen ne doit pas \u00eatre pratiqu\u00e9 uniquement pour soi-m\u00eame, sinon nous ne sommes que des &#8220;Bouddha pour soi&#8221;. Il ne doit pas \u00eatre pratiqu\u00e9 seul mais dans un dojo (lieu o\u00f9 l&#8217;on pratique la Voie), sinon on peut prendre inconsciemment une mauvaise posture. Aussi, la Sangha est tr\u00e8s importante : on est influenc\u00e9 par la pratique forte des autres, et on renforce l\u2019atmosph\u00e8re du dojo par sa propre concentration.<\/p>\n\n\n\n<p class=\"has-blue-color has-text-color has-link-color wp-elements-7411cafb9fcc2964db4715096763a6e2\"><strong>Kinhin, la M\u00e9ditation Zen en marchant<\/strong><\/p>\n\n\n\n<p>Le Kin Hin est une autre forme de m\u00e9ditation qui se pratique dans le dojo, entre deux p\u00e9riodes de aazen, c&#8217;est la continuit\u00e9 de la m\u00e9ditation zen assise. C&#8217;est une marche tr\u00e8s lente, avec les m\u00eames fondements physiques et psychiques que zazen.<\/p>\n\n\n<div class=\"wp-block-image\">\n<figure class=\"aligncenter is-resized\"><img loading=\"lazy\" decoding=\"async\" width=\"933\" height=\"1394\" src=\"https:\/\/dojo-bouddhiste-zen.com\/wp-content\/uploads\/2024\/05\/kodokinhin.jpg\" alt=\"\" class=\"wp-image-227\" style=\"width:247px;height:auto\" srcset=\"https:\/\/dojo-bouddhiste-zen.com\/wp-content\/uploads\/2024\/05\/kodokinhin.jpg 933w, https:\/\/dojo-bouddhiste-zen.com\/wp-content\/uploads\/2024\/05\/kodokinhin-201x300.jpg 201w, https:\/\/dojo-bouddhiste-zen.com\/wp-content\/uploads\/2024\/05\/kodokinhin-685x1024.jpg 685w, https:\/\/dojo-bouddhiste-zen.com\/wp-content\/uploads\/2024\/05\/kodokinhin-768x1147.jpg 768w, https:\/\/dojo-bouddhiste-zen.com\/wp-content\/uploads\/2024\/05\/kodokinhin-624x932.jpg 624w\" sizes=\"(max-width: 933px) 100vw, 933px\" \/><\/figure><\/div>\n\n\n<p class=\"has-blue-color has-text-color has-link-color wp-elements-26444b601c38c4367cd3163d93611ccf\"><br><strong>Le Samu<\/strong><\/p>\n\n\n\n<p>Les pratiquants du zen r\u00e9alisent des t\u00e2ches quotidiennes, telles que pr\u00e9parer \u00e0 manger, faire la vaisselle, le m\u00e9nage&#8230; On appelle cela le<strong> &#8220;samu<\/strong>&#8220;, un mot japonais du zen, transmis par Ma\u00eetre Deshimaru, car on le fait avec l&#8217;\u00e9nergie, la concentration, l&#8217;esprit du don de la pratique du zen. Le samu de par son aspect concret est l\u2019une des grandes richesses de la pratique du zen. On pourrait \u00e9galement l\u2019appeler \u00ab m\u00e9ditation en action \u00bb. Le samu permet de pratiquer la concentration du zazen dans les activit\u00e9s quotidiennes et d\u2019apprendre ainsi par exemple \u00e0 travailler dans le calme.<\/p>\n\n\n\n<p class=\"has-blue-color has-text-color has-link-color wp-elements-f037e33a9c4fffe1ca24e9afb28e73ee\"><strong>Pratiquer dans un dojo<\/strong><\/p>\n\n\n\n<p>Lorsque l&#8217;on fait zazen chez soi, il est facile de prendre de mauvaises habitudes. Bien qu&#8217;assis seul, face au mur, la pratique de la voie du zen implique la fr\u00e9quentation d&#8217;un dojo pour une pratique d\u00e9nu\u00e9e d&#8217;\u00e9gocentrisme, une pratique <em>mushotoku <\/em>(sans but, sans chercher \u00e0 obtenir quelque chose). Cela facilite l\u2019\u00e9coute de soi et le retournement du regard vers l\u2019int\u00e9rieur. Ainsi on peut observer, sans obstacles, l\u2019activit\u00e9 de l\u2019esprit.<br><br>Si vous vous rendez r\u00e9guli\u00e8rement dans un dojo, vous faites en sorte que votre zazen ne d\u00e9pende pas de votre humeur du moment. Zazen nous place devant un miroir, nous permet de nous d\u00e9couvrir nous-m\u00eame. C&#8217;est souvent pendant les zazen que l&#8217;on n&#8217;avait pas vraiment envie de faire que l&#8217;on apprend \u00e0 se conna\u00eetre le mieux.<br><br><em>Dans un dojo chacun fait l&#8217;effort de s&#8217;harmoniser avec les autres, abandonne son ego pour suivre les horaires et les r\u00e8gles. Pratiquer le zen demande une grande d\u00e9termination. Le soutien apport\u00e9 par le groupe est une aide pr\u00e9cieuse \u00e0 la pratique.<\/em><\/p>\n\n\n\n<p><strong><em>Gyogi c&#8217;est la pratique maintenue, r\u00e9guli\u00e8re et \u00e9veill\u00e9e<\/em><\/strong><\/p>\n\n\n\n<p class=\"has-text-align-center\"><a href=\"https:\/\/www.youtube.com\/watch?v=jaE-B4dY2dc\">\u21aa<\/a><a href=\"https:\/\/www.youtube.com\/watch?v=c-l4NieddQ0\" target=\"_blank\" rel=\"noopener\" title=\"\"> Conf\u00e9rence de Roland Rech sur le Gyoji<\/a><\/p>\n\n\n\n<p class=\"has-blue-color has-text-color has-link-color wp-elements-56451473ecee61cc718fdc5f6ee3825c\"><strong>Les Sesshins<\/strong><\/p>\n\n\n\n<p>En dehors du dojo de Clermont-Ferrand, il est possible de pratiquer des <strong>sesshins <\/strong>(litt\u00e9ralement &#8220;toucher l&#8217;esprit&#8221;), p\u00e9riode de 2 \u00e0 9 jours de pratique intensive de m\u00e9ditation dans un temple zen. Il existe actuellement 128 dojos et temples en France qui suivent l&#8217;enseignement de Ma\u00eetre Deshimaru et des patriarches.<\/p>\n","protected":false},"excerpt":{"rendered":"<p>Taisen Deshimaru disait &#8220;Le vrai zen, c\u2019est zazen. Seulement s\u2019asseoir.&#8221; qu&#8217;on appelle Shikantaza. Le zazen, litt\u00e9ralement le zen assis repose sur trois piliers : posture, respiration et \u00e9tat d&#8217;esprit. La Posture assise : Zazen On s&#8217;assoit sur un zafu (coussin) en croisant les jambes ou sur un banc de m\u00e9ditation. On pousse le sol avec [&hellip;]<\/p>\n","protected":false},"author":1,"featured_media":0,"parent":0,"menu_order":0,"comment_status":"closed","ping_status":"closed","template":"","meta":{"om_disable_all_campaigns":false,"_monsterinsights_skip_tracking":false,"_monsterinsights_sitenote_active":false,"_monsterinsights_sitenote_note":"","_monsterinsights_sitenote_category":0,"footnotes":""},"aioseo_notices":[],"_links":{"self":[{"href":"https:\/\/dojo-bouddhiste-zen.com\/index.php?rest_route=\/wp\/v2\/pages\/35"}],"collection":[{"href":"https:\/\/dojo-bouddhiste-zen.com\/index.php?rest_route=\/wp\/v2\/pages"}],"about":[{"href":"https:\/\/dojo-bouddhiste-zen.com\/index.php?rest_route=\/wp\/v2\/types\/page"}],"author":[{"embeddable":true,"href":"https:\/\/dojo-bouddhiste-zen.com\/index.php?rest_route=\/wp\/v2\/users\/1"}],"replies":[{"embeddable":true,"href":"https:\/\/dojo-bouddhiste-zen.com\/index.php?rest_route=%2Fwp%2Fv2%2Fcomments&post=35"}],"version-history":[{"count":20,"href":"https:\/\/dojo-bouddhiste-zen.com\/index.php?rest_route=\/wp\/v2\/pages\/35\/revisions"}],"predecessor-version":[{"id":269,"href":"https:\/\/dojo-bouddhiste-zen.com\/index.php?rest_route=\/wp\/v2\/pages\/35\/revisions\/269"}],"wp:attachment":[{"href":"https:\/\/dojo-bouddhiste-zen.com\/index.php?rest_route=%2Fwp%2Fv2%2Fmedia&parent=35"}],"curies":[{"name":"wp","href":"https:\/\/api.w.org\/{rel}","templated":true}]}}