{"id":37,"date":"2023-11-27T16:34:16","date_gmt":"2023-11-27T15:34:16","guid":{"rendered":"https:\/\/dojo-bouddhiste-zen.com\/?page_id=37"},"modified":"2025-02-05T16:17:03","modified_gmt":"2025-02-05T15:17:03","slug":"liens","status":"publish","type":"page","link":"https:\/\/dojo-bouddhiste-zen.com\/?page_id=37","title":{"rendered":"Liens"},"content":{"rendered":"\n<p><a href=\"https:\/\/www.zen-deshimaru.com\/fr\">Zen Deshimaru<\/a> site de l&#8217;ABZD (Association Bouddhiste Zen Deshimaru)  fond\u00e9e par Ma\u00eetre Kosen \u00e0 laquelle notre dojo est rattach\u00e9e.<\/p>\n\n\n<div class=\"wp-block-image\">\n<figure class=\"aligncenter is-resized\"><img loading=\"lazy\" decoding=\"async\" width=\"330\" height=\"519\" src=\"https:\/\/dojo-bouddhiste-zen.com\/wp-content\/uploads\/2025\/02\/Kosen.jpg\" alt=\"\" class=\"wp-image-419\" style=\"width:226px;height:auto\" srcset=\"https:\/\/dojo-bouddhiste-zen.com\/wp-content\/uploads\/2025\/02\/Kosen.jpg 330w, https:\/\/dojo-bouddhiste-zen.com\/wp-content\/uploads\/2025\/02\/Kosen-191x300.jpg 191w\" sizes=\"(max-width: 330px) 100vw, 330px\" \/><\/figure><\/div>\n\n\n<p>Le temple zen <a href=\"https:\/\/www.zen-temple.earth\/\" title=\"\">Yujo Nyusanj<\/a>, si\u00e8ge de l&#8217;ABZD.<\/p>\n\n\n\n<p>Le <a href=\"https:\/\/dojozen-lyon.fr\/\" title=\"\">dojo zen de Lyon<\/a>, dirig\u00e9 par Christophe Ryurin Desmur<\/p>\n\n\n\n<p>Le site <a href=\"https:\/\/zen-road.org\/\">Zen Road<\/a> de la Sangha sans demeure de Philippe Coupey<\/p>\n\n\n\n<p>Le <a href=\"http:\/\/www.dojozenparis.com\/\">dojo zen de Paris<\/a> fond\u00e9 en 1971 dirig\u00e9 par plusieurs godos.<\/p>\n\n\n\n<p><a href=\"http:\/\/www.kanjizai.fr\/\">Kan Ji Zai<\/a> l&#8217;association de G\u00e9rard Pilet dans l&#8217;Ard\u00e8che.<\/p>\n\n\n\n<p>L&#8217;<a href=\"https:\/\/www.abzen.eu\/fr\/\">ABZE<\/a> de Roland Yuno Rech (responsable du temple de Nice)<\/p>\n\n\n\n<p>Le<a href=\"https:\/\/zen-deshimaru-dijon.com\/\" title=\"\"> dojo de Dijon<\/a>, dirig\u00e9 par Fran\u00e7oise Jomon Julien<\/p>\n\n\n\n<p>La <a href=\"https:\/\/www.boutiquezen.com\/\" title=\"\">boutique Zen<\/a> \u00e0 Paris.<\/p>\n","protected":false},"excerpt":{"rendered":"<p>Zen Deshimaru site de l&#8217;ABZD (Association Bouddhiste Zen Deshimaru) fond\u00e9e par Ma\u00eetre Kosen \u00e0 laquelle notre dojo est rattach\u00e9e. Le temple zen Yujo Nyusanj, si\u00e8ge de l&#8217;ABZD. Le dojo zen de Lyon, dirig\u00e9 par Christophe Ryurin Desmur Le site Zen Road de la Sangha sans demeure de Philippe Coupey Le dojo zen de Paris fond\u00e9 [&hellip;]<\/p>\n","protected":false},"author":1,"featured_media":0,"parent":0,"menu_order":0,"comment_status":"closed","ping_status":"closed","template":"","meta":{"om_disable_all_campaigns":false,"_monsterinsights_skip_tracking":false,"_monsterinsights_sitenote_active":false,"_monsterinsights_sitenote_note":"","_monsterinsights_sitenote_category":0,"footnotes":""},"aioseo_notices":[],"_links":{"self":[{"href":"https:\/\/dojo-bouddhiste-zen.com\/index.php?rest_route=\/wp\/v2\/pages\/37"}],"collection":[{"href":"https:\/\/dojo-bouddhiste-zen.com\/index.php?rest_route=\/wp\/v2\/pages"}],"about":[{"href":"https:\/\/dojo-bouddhiste-zen.com\/index.php?rest_route=\/wp\/v2\/types\/page"}],"author":[{"embeddable":true,"href":"https:\/\/dojo-bouddhiste-zen.com\/index.php?rest_route=\/wp\/v2\/users\/1"}],"replies":[{"embeddable":true,"href":"https:\/\/dojo-bouddhiste-zen.com\/index.php?rest_route=%2Fwp%2Fv2%2Fcomments&post=37"}],"version-history":[{"count":7,"href":"https:\/\/dojo-bouddhiste-zen.com\/index.php?rest_route=\/wp\/v2\/pages\/37\/revisions"}],"predecessor-version":[{"id":425,"href":"https:\/\/dojo-bouddhiste-zen.com\/index.php?rest_route=\/wp\/v2\/pages\/37\/revisions\/425"}],"wp:attachment":[{"href":"https:\/\/dojo-bouddhiste-zen.com\/index.php?rest_route=%2Fwp%2Fv2%2Fmedia&parent=37"}],"curies":[{"name":"wp","href":"https:\/\/api.w.org\/{rel}","templated":true}]}}